{"id":200,"date":"2022-08-27T20:11:49","date_gmt":"2022-08-27T20:11:49","guid":{"rendered":"https:\/\/raufutterverband.ch\/de\/?page_id=200"},"modified":"2022-09-25T14:23:29","modified_gmt":"2022-09-25T14:23:29","slug":"unnotige-massentierhaltungsinitiative","status":"publish","type":"page","link":"https:\/\/www.raufutterverband.ch\/de\/unnotige-massentierhaltungsinitiative\/","title":{"rendered":"Unn\u00f6tige Massentierhaltungsinitiative"},"content":{"rendered":"\n<h4 class=\"wp-block-heading\">Unser Verband erachtet die Massentierhaltungsinitiative als unn\u00f6tig<\/h4>\n\n\n\n<p>In der Schweiz geniessen praktisch alle Nutztiere einen besseren Haltungsstandard als in anderen L\u00e4ndern. <br>Also warum weniger in der N\u00e4he produzieren und mehr Waren von weiter her zu uns transportieren?<\/p>\n\n\n\n<p>Die Schweizer Topographie ist so h\u00fcgelig, dass nicht alle landwirtschaftliche Nutzfl\u00e4chen zu Ackerland gemacht werden k\u00f6nnen. Gras und Mais binden w\u00e4hrend ihrer Wachstumsphasen auch Treibhausgase. Studien belegen, dass landwirtschaftliche Produktion eine positive CO2-Bilanz aufweist. <br>Nutztiere generieren Hofd\u00fcnger, welche es auch im Ackerbau erm\u00f6glichen, weniger Kunstd\u00fcnger einsetzten zu m\u00fcssen. Letzterer verschlingt bei seiner Herstellung und Transport graue Energie.<\/p>\n\n\n\n<p>Es scheint uns wichtig, inl\u00e4ndische Wertsch\u00f6pfungs-Ketten nicht zu schw\u00e4chen oder gar zu unterbrechen.<\/p>\n\n\n\n<p>Darum raten wir allen, ein &#8222;Nein&#8220; in die Urne zu legen.<\/p>\n\n\n\n<figure class=\"wp-block-gallery has-nested-images columns-default is-cropped wp-block-gallery-1 is-layout-flex wp-block-gallery-is-layout-flex\">\n<figure class=\"wp-block-image size-large\"><a href=\"https:\/\/www.massentierhaltungsinitiative-nein.ch\" target=\"_blank\" rel=\"noreferrer noopener\"><img loading=\"lazy\" decoding=\"async\" width=\"260\" height=\"184\" data-id=\"169\" src=\"https:\/\/raufutterverband.ch\/wp-content\/uploads\/2022\/06\/Massentierhaltungsinitiative.png\" alt=\"\" class=\"wp-image-169\"\/><\/a><\/figure>\n\n\n\n<figure class=\"wp-block-image size-large\"><a href=\"https:\/\/www.non-initiative-elevage-intensif.ch\" target=\"_blank\" rel=\"noreferrer noopener\"><img loading=\"lazy\" decoding=\"async\" width=\"260\" height=\"184\" data-id=\"172\" src=\"https:\/\/raufutterverband.ch\/wp-content\/uploads\/2022\/06\/initiavie-inutile.png\" alt=\"\" class=\"wp-image-172\"\/><\/a><\/figure>\n<\/figure>\n\n\n\n<p>Ver\u00f6ffentlicht am 27.8.2022<\/p>\n","protected":false},"excerpt":{"rendered":"<p>Unser Verband erachtet die Massentierhaltungsinitiative als unn\u00f6tig In der Schweiz geniessen praktisch alle Nutztiere einen besseren Haltungsstandard als in anderen L\u00e4ndern. Also warum weniger in der N\u00e4he produzieren und mehr Waren von weiter her zu uns transportieren? Die Schweizer Topographie ist so h\u00fcgelig, dass nicht alle landwirtschaftliche Nutzfl\u00e4chen zu Ackerland gemacht werden k\u00f6nnen. Gras und [&hellip;]<\/p>\n","protected":false},"author":1,"featured_media":0,"parent":0,"menu_order":0,"comment_status":"closed","ping_status":"closed","template":"","meta":{"footnotes":""},"class_list":["post-200","page","type-page","status-publish","hentry"],"_links":{"self":[{"href":"https:\/\/www.raufutterverband.ch\/de\/wp-json\/wp\/v2\/pages\/200","targetHints":{"allow":["GET"]}}],"collection":[{"href":"https:\/\/www.raufutterverband.ch\/de\/wp-json\/wp\/v2\/pages"}],"about":[{"href":"https:\/\/www.raufutterverband.ch\/de\/wp-json\/wp\/v2\/types\/page"}],"author":[{"embeddable":true,"href":"https:\/\/www.raufutterverband.ch\/de\/wp-json\/wp\/v2\/users\/1"}],"replies":[{"embeddable":true,"href":"https:\/\/www.raufutterverband.ch\/de\/wp-json\/wp\/v2\/comments?post=200"}],"version-history":[{"count":4,"href":"https:\/\/www.raufutterverband.ch\/de\/wp-json\/wp\/v2\/pages\/200\/revisions"}],"predecessor-version":[{"id":239,"href":"https:\/\/www.raufutterverband.ch\/de\/wp-json\/wp\/v2\/pages\/200\/revisions\/239"}],"wp:attachment":[{"href":"https:\/\/www.raufutterverband.ch\/de\/wp-json\/wp\/v2\/media?parent=200"}],"curies":[{"name":"wp","href":"https:\/\/api.w.org\/{rel}","templated":true}]}}