{"id":475,"date":"2025-07-22T17:40:07","date_gmt":"2025-07-22T17:40:07","guid":{"rendered":"https:\/\/www.raufutterverband.ch\/?page_id=475"},"modified":"2025-08-15T05:09:46","modified_gmt":"2025-08-15T05:09:46","slug":"unsere-aufgabe","status":"publish","type":"page","link":"https:\/\/www.raufutterverband.ch\/de\/unsere-aufgabe\/","title":{"rendered":"Unsere zentrale Aufgabe"},"content":{"rendered":"\n<p>Die gesellschaftlichen und politischen Rahmenbedingungen m\u00f6gen \u00e4ndern, aber die zentrale Aufgabe der SRV-Mitglieder bleibt. Es gilt, sowohl bei grossen als auch bei schwachen Ernten den n\u00f6tigen Ausgleich zu schaffen und eine sichere Abnahme von \u00dcbersch\u00fcssen sowie die Belieferung mit dem nachgefragten Raufutter zu garantieren. Gerade in den Ernte-Jahren 2018 und 2022 &#8211; mit ihren rekordm\u00e4ssig trockenen Sommer &#8211; zeigte sich wie wichtig der Raufutterhandel ist. Die Rahmenbedingungen f\u00fcr einen funktionierenden Handel m\u00fcssen auch in Zukunft gesichert werden. Hierzu arbeitet der SRV mit dem Bundesamt f\u00fcr Landwirtschaft, den Beh\u00f6rden, dem Bauernverband und den landwirtschaftlichen Organisationen zusammen. Aufgabe des SRV ist es, den Markt stetig und kritisch zu beobachten und bei Unstimmigkeiten zu intervenieren. F\u00fcr eine objektive Erstellung der Marktberichte m\u00fcssen Produzenten und Verbraucher einbezogen werden. Am Markt liegt die Herausforderung f\u00fcr Mitglieder des SRV darin, sich in Qualit\u00e4t und mit Dienstleistungen abzuheben. Mit seinem Engagement unterst\u00fctzt der Verband seine Mitglieder, in diesem Bestreben erfolgreich zu sein.<\/p>\n\n\n\n<p>Fazit: Der SRV stellt sich laufend den Entwicklungen im Markt und dient im Fortbestehen als Ausgleichs-Schaffer !<\/p>\n","protected":false},"excerpt":{"rendered":"<p>Die gesellschaftlichen und politischen Rahmenbedingungen m\u00f6gen \u00e4ndern, aber die zentrale Aufgabe der SRV-Mitglieder bleibt. Es gilt, sowohl bei grossen als auch bei schwachen Ernten den n\u00f6tigen Ausgleich zu schaffen und eine sichere Abnahme von \u00dcbersch\u00fcssen sowie die Belieferung mit dem nachgefragten Raufutter zu garantieren. Gerade in den Ernte-Jahren 2018 und 2022 &#8211; mit ihren rekordm\u00e4ssig [&hellip;]<\/p>\n","protected":false},"author":1,"featured_media":0,"parent":0,"menu_order":0,"comment_status":"closed","ping_status":"closed","template":"","meta":{"footnotes":""},"class_list":["post-475","page","type-page","status-publish","hentry"],"_links":{"self":[{"href":"https:\/\/www.raufutterverband.ch\/de\/wp-json\/wp\/v2\/pages\/475","targetHints":{"allow":["GET"]}}],"collection":[{"href":"https:\/\/www.raufutterverband.ch\/de\/wp-json\/wp\/v2\/pages"}],"about":[{"href":"https:\/\/www.raufutterverband.ch\/de\/wp-json\/wp\/v2\/types\/page"}],"author":[{"embeddable":true,"href":"https:\/\/www.raufutterverband.ch\/de\/wp-json\/wp\/v2\/users\/1"}],"replies":[{"embeddable":true,"href":"https:\/\/www.raufutterverband.ch\/de\/wp-json\/wp\/v2\/comments?post=475"}],"version-history":[{"count":2,"href":"https:\/\/www.raufutterverband.ch\/de\/wp-json\/wp\/v2\/pages\/475\/revisions"}],"predecessor-version":[{"id":477,"href":"https:\/\/www.raufutterverband.ch\/de\/wp-json\/wp\/v2\/pages\/475\/revisions\/477"}],"wp:attachment":[{"href":"https:\/\/www.raufutterverband.ch\/de\/wp-json\/wp\/v2\/media?parent=475"}],"curies":[{"name":"wp","href":"https:\/\/api.w.org\/{rel}","templated":true}]}}