{"id":200,"date":"2022-08-27T20:11:49","date_gmt":"2022-08-27T20:11:49","guid":{"rendered":"https:\/\/raufutterverband.ch\/de\/?page_id=200"},"modified":"2022-09-25T14:23:29","modified_gmt":"2022-09-25T14:23:29","slug":"unnotige-massentierhaltungsinitiative","status":"publish","type":"page","link":"https:\/\/www.raufutterverband.ch\/fr\/initiative-inutile\/","title":{"rendered":"l'initiative sur l'\u00e9levage intensif"},"content":{"rendered":"\r\n<h4 class=\"wp-block-heading\">Notre association estime que l&rsquo;initiative sur l&rsquo;\u00e9levage intensif est inutile.<\/h4>\r\n\r\n\r\n\r\n\r\nEn Suisse, pratiquement tous les animaux de rente b\u00e9n\u00e9ficient d&rsquo;un meilleur standard d&rsquo;\u00e9levage que dans d&rsquo;autres pays.\r\nAlors pourquoi produire moins pr\u00e8s de chez nous et importer davantage ?\r\n<br>\r\n<br>\r\nIl nous semble important de ne pas affaiblir ou de casser la chaine de valorisation indig\u00e8ne. La topographie suisse est de sorte qu\u2019il sera impossible de faire de la grande culture sur toute la surface agricole. L\u2019herbe et le ma\u00efs absorbent des gaz \u00e0 effet de serre pendant leurs phases de croissance. Les animaux de rente g\u00e9n\u00e8rent des engrais de ferme, permettant de diminuer l\u2019emploi des engrais min\u00e9raux.\r\n\r\n\r\n\r\n\r\n<br><br>\r\nPour ces raisons nous disons:\r\n<br><br>\r\n\r\n\r\n\r\n<figure class=\"wp-block-gallery has-nested-images columns-default is-cropped wp-block-gallery-1 is-layout-flex wp-block-gallery-is-layout-flex\">\r\n<figure class=\"wp-block-image size-large\"><a href=\"https:\/\/www.massentierhaltungsinitiative-nein.ch\" target=\"_blank\" rel=\"noreferrer noopener\"><img loading=\"lazy\" decoding=\"async\" width=\"260\" height=\"184\" data-id=\"169\" src=\"https:\/\/raufutterverband.ch\/wp-content\/uploads\/2022\/06\/Massentierhaltungsinitiative.png\" alt=\"\" class=\"wp-image-169\"\/><\/a><\/figure>\r\n\r\n\r\n\r\n<figure class=\"wp-block-image size-large\"><a href=\"https:\/\/www.non-initiative-elevage-intensif.ch\" target=\"_blank\" rel=\"noreferrer noopener\"><img loading=\"lazy\" decoding=\"async\" width=\"260\" height=\"184\" data-id=\"172\" src=\"https:\/\/raufutterverband.ch\/wp-content\/uploads\/2022\/06\/initiavie-inutile.png\" alt=\"\" class=\"wp-image-172\"\/><\/a><\/figure>\r\n<\/figure>\r\n<!-- \/wp:gallery \u2014>\r\n\r\n\r\n<p>Publi\u00e9 le 27.8.2022<\/p>\r\n","protected":false},"excerpt":{"rendered":"<p>Notre association estime que l&rsquo;initiative sur l&rsquo;\u00e9levage intensif est inutile. En Suisse, pratiquement tous les animaux de rente b\u00e9n\u00e9ficient d&rsquo;un meilleur standard d&rsquo;\u00e9levage que dans d&rsquo;autres pays. Alors pourquoi produire moins pr\u00e8s de chez nous et importer davantage ? Il nous semble important de ne pas affaiblir ou de casser la chaine de valorisation indig\u00e8ne. [&hellip;]<\/p>\n","protected":false},"author":1,"featured_media":0,"parent":0,"menu_order":0,"comment_status":"closed","ping_status":"closed","template":"","meta":{"footnotes":""},"class_list":["post-200","page","type-page","status-publish","hentry"],"_links":{"self":[{"href":"https:\/\/www.raufutterverband.ch\/fr\/wp-json\/wp\/v2\/pages\/200","targetHints":{"allow":["GET"]}}],"collection":[{"href":"https:\/\/www.raufutterverband.ch\/fr\/wp-json\/wp\/v2\/pages"}],"about":[{"href":"https:\/\/www.raufutterverband.ch\/fr\/wp-json\/wp\/v2\/types\/page"}],"author":[{"embeddable":true,"href":"https:\/\/www.raufutterverband.ch\/fr\/wp-json\/wp\/v2\/users\/1"}],"replies":[{"embeddable":true,"href":"https:\/\/www.raufutterverband.ch\/fr\/wp-json\/wp\/v2\/comments?post=200"}],"version-history":[{"count":4,"href":"https:\/\/www.raufutterverband.ch\/fr\/wp-json\/wp\/v2\/pages\/200\/revisions"}],"predecessor-version":[{"id":239,"href":"https:\/\/www.raufutterverband.ch\/fr\/wp-json\/wp\/v2\/pages\/200\/revisions\/239"}],"wp:attachment":[{"href":"https:\/\/www.raufutterverband.ch\/fr\/wp-json\/wp\/v2\/media?parent=200"}],"curies":[{"name":"wp","href":"https:\/\/api.w.org\/{rel}","templated":true}]}}