{"id":475,"date":"2025-07-22T17:40:07","date_gmt":"2025-07-22T17:40:07","guid":{"rendered":"https:\/\/www.raufutterverband.ch\/?page_id=475"},"modified":"2025-08-15T05:09:46","modified_gmt":"2025-08-15T05:09:46","slug":"unsere-aufgabe","status":"publish","type":"page","link":"https:\/\/www.raufutterverband.ch\/fr\/notre-devoir\/","title":{"rendered":"Notre devoir principal"},"content":{"rendered":"\r\n\r\nLe contexte social et politique peut changer, mais la t\u00e2che centrale des membres de la FSB reste la m\u00eame. Il s&rsquo;agit de trouver l&rsquo;\u00e9quilibre n\u00e9cessaire aussi bien en cas de grandes que de faibles r\u00e9coltes et de garantir un achat s\u00fbr des exc\u00e9dents ainsi que la livraison des fourrages grossiers demand\u00e9s. C&rsquo;est justement les r\u00e9coltes 2018 et 2022 &#8211; avec leurs \u00e9t\u00e9s secs record &#8211; que l&rsquo;on a pu constater l&rsquo;importance du commerce des fourrages grossiers. Les conditions-cadres pour un commerce qui fonctionne doivent \u00eatre assur\u00e9es \u00e0 l&rsquo;avenir \u00e9galement. Pour ce faire, l&rsquo;ASNPF collabore avec l&rsquo;Office f\u00e9d\u00e9ral de l&rsquo;agriculture, les autorit\u00e9s, l&rsquo;Union des paysans et les organisations agricoles. L&rsquo;ASNPF pour mission d&rsquo;observer le march\u00e9 de mani\u00e8re constante et critique et d&rsquo;intervenir en cas de divergences. Les producteurs et les consommateurs doivent \u00eatre impliqu\u00e9s pour que les rapports de march\u00e9 soient \u00e9tablis de mani\u00e8re objective. Sur le march\u00e9, le d\u00e9fi pour les membres de la FSAV est de se distinguer par la qualit\u00e9 et les services. Par son engagement, la F\u00e9d\u00e9ration aide ses membres \u00e0 r\u00e9ussir dans cette entreprise.\r\n\r\nConclusion : l&rsquo;ASNPF s&rsquo;adapte en permanence aux \u00e9volutions du march\u00e9 et joue un r\u00f4le de cr\u00e9ateur d&rsquo;\u00e9quilibre en continuant d&rsquo;exister !\r\n\r\n","protected":false},"excerpt":{"rendered":"<p>Le contexte social et politique peut changer, mais la t\u00e2che centrale des membres de la FSB reste la m\u00eame. Il s&rsquo;agit de trouver l&rsquo;\u00e9quilibre n\u00e9cessaire aussi bien en cas de grandes que de faibles r\u00e9coltes et de garantir un achat s\u00fbr des exc\u00e9dents ainsi que la livraison des fourrages grossiers demand\u00e9s. C&rsquo;est justement les r\u00e9coltes [&hellip;]<\/p>\n","protected":false},"author":1,"featured_media":0,"parent":0,"menu_order":0,"comment_status":"closed","ping_status":"closed","template":"","meta":{"footnotes":""},"class_list":["post-475","page","type-page","status-publish","hentry"],"_links":{"self":[{"href":"https:\/\/www.raufutterverband.ch\/fr\/wp-json\/wp\/v2\/pages\/475","targetHints":{"allow":["GET"]}}],"collection":[{"href":"https:\/\/www.raufutterverband.ch\/fr\/wp-json\/wp\/v2\/pages"}],"about":[{"href":"https:\/\/www.raufutterverband.ch\/fr\/wp-json\/wp\/v2\/types\/page"}],"author":[{"embeddable":true,"href":"https:\/\/www.raufutterverband.ch\/fr\/wp-json\/wp\/v2\/users\/1"}],"replies":[{"embeddable":true,"href":"https:\/\/www.raufutterverband.ch\/fr\/wp-json\/wp\/v2\/comments?post=475"}],"version-history":[{"count":2,"href":"https:\/\/www.raufutterverband.ch\/fr\/wp-json\/wp\/v2\/pages\/475\/revisions"}],"predecessor-version":[{"id":477,"href":"https:\/\/www.raufutterverband.ch\/fr\/wp-json\/wp\/v2\/pages\/475\/revisions\/477"}],"wp:attachment":[{"href":"https:\/\/www.raufutterverband.ch\/fr\/wp-json\/wp\/v2\/media?parent=475"}],"curies":[{"name":"wp","href":"https:\/\/api.w.org\/{rel}","templated":true}]}}